{"id":35,"date":"2023-03-17T19:24:34","date_gmt":"2023-03-17T16:24:34","guid":{"rendered":"https:\/\/www.daisypoliklinik.com\/en\/?page_id=35"},"modified":"2023-12-06T14:55:45","modified_gmt":"2023-12-06T11:55:45","slug":"cookie-policy","status":"publish","type":"page","link":"https:\/\/www.daisypoliklinik.com\/en\/cookie-policy\/","title":{"rendered":"Cookie Policy"},"content":{"rendered":"<p><strong><span style=\"vertical-align: inherit;\"><span style=\"vertical-align: inherit;\">PRIVATE DAISY POLYCLINIC<\/span><\/span><\/strong><\/p>\n<p><strong><span style=\"vertical-align: inherit;\"><span style=\"vertical-align: inherit;\">WEBSITE PRIVACY AND COOKIES POLICY<\/span><\/span><\/strong><\/p>\n<p><span style=\"vertical-align: inherit;\"><span style=\"vertical-align: inherit;\">Personal data <\/span><span style=\"vertical-align: inherit;\">\u00a0of those who visit the website <\/span><a href=\"https:\/\/www.daisypoliklinik.com\/en\/\"><span style=\"vertical-align: inherit;\">www.daisypoliklinik.com (&#8221; <\/span><\/a><strong><span style=\"vertical-align: inherit;\">Visitor&#8221;<\/span><\/strong><span style=\"vertical-align: inherit;\"> ), \u00a0operated by\u00a0 <\/span><\/span><strong><span style=\"vertical-align: inherit;\"><span style=\"vertical-align: inherit;\">\u00d6ZEL DA\u0130SY POL\u0130KL\u0130\u011e\u0130<\/span><\/span><\/strong><span style=\"vertical-align: inherit;\"><span style=\"vertical-align: inherit;\"> , owned by SONG\u00dcL DURUR ZEVZ\u0130R\u00a0 , in accordance with the Personal Data Protection Law No. 6698 (&#8221; <\/span><strong><span style=\"vertical-align: inherit;\">KVKK&#8221;<\/span><\/strong><span style=\"vertical-align: inherit;\"> ) and the European Union General Data Protection Regulation\u00a0 <\/span><strong><span style=\"vertical-align: inherit;\">(&#8220;GDPR&#8221;<\/span><\/strong><span style=\"vertical-align: inherit;\"> ). We process and protect your privacy. <\/span><span style=\"vertical-align: inherit;\">This Website Privacy and Cookie Policy (&#8221; <\/span><strong><span style=\"vertical-align: inherit;\">Policy&#8221;<\/span><\/strong><span style=\"vertical-align: inherit;\"> ) determines the processing of Visitors&#8217; personal data, cookie policy and website privacy principles.<\/span><\/span><\/p>\n<p><span style=\"vertical-align: inherit;\"><span style=\"vertical-align: inherit;\">Cookies <\/span><\/span><em><span style=\"vertical-align: inherit;\"><span style=\"vertical-align: inherit;\">are<\/span><\/span><\/em><span style=\"vertical-align: inherit;\"><span style=\"vertical-align: inherit;\"> small text files that store small information. <\/span><span style=\"vertical-align: inherit;\">Cookies are stored on your device or network server via browsers by the websites you visit. <\/span><span style=\"vertical-align: inherit;\">When the website loads on your browser, cookies are stored on your device. <\/span><span style=\"vertical-align: inherit;\">Cookies enable the website to function properly, make it more secure and provide a better user experience. <\/span><span style=\"vertical-align: inherit;\">When you enter our website,\u00a0 you can review the cookies used by clicking on the &#8220;lock&#8221; sign next to <\/span><\/span><a href=\"https:\/\/www.daisypoliklinik.com\/en\/\"><span style=\"vertical-align: inherit;\"><span style=\"vertical-align: inherit;\">www.daisypoliklinik.com<\/span><\/span><\/a><span style=\"vertical-align: inherit;\"><span style=\"vertical-align: inherit;\"> in your address bar \u00a0.<\/span><\/span><\/p>\n<p><span style=\"vertical-align: inherit;\"><span style=\"vertical-align: inherit;\">Cookies are used to ensure the most efficient use of our website by visitors. <\/span><span style=\"vertical-align: inherit;\">If cookies are not preferred, they can be deleted or blocked through browser settings. <\/span><span style=\"vertical-align: inherit;\">However, this may negatively affect the performance of our website. <\/span><span style=\"vertical-align: inherit;\">Unless the visitor changes the cookie settings in his browser, it is assumed that he accepts the use of cookies on this site.<\/span><\/span><\/p>\n<p><strong><span style=\"vertical-align: inherit;\"><span style=\"vertical-align: inherit;\">1. Purpose of Processing Personal Data<\/span><\/span><\/strong><\/p>\n<p><span style=\"vertical-align: inherit;\"><span style=\"vertical-align: inherit;\">Your personal data obtained by visiting our website is processed by PRIVATE DA\u0130SY POLYCLINIC in accordance with Articles 5 and 6 of the KVKK and Articles 6 and 9 of the GDPR for the purposes listed below:<\/span><\/span><\/p>\n<ul>\n<li><span style=\"vertical-align: inherit;\"><span style=\"vertical-align: inherit;\">Carrying out the necessary work to carry out the health services provided by PRIVATE DA\u0130SY POLYCLINIC and carrying out the related business processes,<\/span><\/span><\/li>\n<li><span style=\"vertical-align: inherit;\"><span style=\"vertical-align: inherit;\">Carrying out the necessary work and carrying out the relevant business processes to enable relevant people to benefit from the services offered by PRIVATE DA\u0130SY POLYCLINIC,<\/span><\/span><\/li>\n<li><span style=\"vertical-align: inherit;\"><span style=\"vertical-align: inherit;\">Customizing the services offered by PRIVATE DA\u0130SY POLYCLINIC according to the tastes, usage habits and needs of the relevant people and recommending and promoting them to the relevant people.<\/span><\/span><\/li>\n<\/ul>\n<p><strong><span style=\"vertical-align: inherit;\"><span style=\"vertical-align: inherit;\">2. Parties to whom Personal Data is Transferred and Purpose of Transfer<\/span><\/span><\/strong><\/p>\n<p><span style=\"vertical-align: inherit;\"><span style=\"vertical-align: inherit;\">Your personal data obtained as a result of your visit to our website, in line with the purposes of processing your personal data, in accordance with Articles 8 and 9 of the KVKK and Articles 45 and 49 of the GDPR, to our suppliers and legally authorized public institutions in the above-mentioned personal data processing conditions and purposes. can be transferred.<\/span><\/span><\/p>\n<p><strong><span style=\"vertical-align: inherit;\"><span style=\"vertical-align: inherit;\">3. Method of Collection of Personal Data<\/span><\/span><\/strong><\/p>\n<p><span style=\"vertical-align: inherit;\"><span style=\"vertical-align: inherit;\">Cookies are small text files that are stored on the device or network server via browsers by visited websites. <\/span><span style=\"vertical-align: inherit;\">When our website is visited,\u00a0 <\/span><span style=\"vertical-align: inherit;\">\u00a0cookies are applied to <\/span><\/span><a href=\"http:\/\/www.google.com\/\" target=\"_blank\" rel=\"noopener\"><span style=\"vertical-align: inherit;\"><span style=\"vertical-align: inherit;\">www.google.com<\/span><\/span><\/a><span style=\"vertical-align: inherit;\"><span style=\"vertical-align: inherit;\"> \u00a0and\u00a0 <\/span><\/span><u><span style=\"vertical-align: inherit;\"><span style=\"vertical-align: inherit;\">facebook.com in addition to our website, with the permission of the visitor.<\/span><\/span><\/u><\/p>\n<p><strong><span style=\"vertical-align: inherit;\"><span style=\"vertical-align: inherit;\">4. Purpose of Use of Cookies<\/span><\/span><\/strong><\/p>\n<p><span style=\"vertical-align: inherit;\"><span style=\"vertical-align: inherit;\">Some of the cookies may be necessary for our website to perform its functions and security features. <\/span><span style=\"vertical-align: inherit;\">However, other cookies used on our website may be cookies that cannot be considered mandatory in this context, for purposes such as marketing, advertising, analytics, statistics or improving the performance of the website. <\/span><span style=\"vertical-align: inherit;\">Through these cookies, personal data such as your user behavior in your browser may be processed.<\/span><\/span><\/p>\n<p><strong><span style=\"vertical-align: inherit;\"><span style=\"vertical-align: inherit;\">5. Controlling Cookie Preferences<\/span><\/span><\/strong><\/p>\n<p><span style=\"vertical-align: inherit;\"><span style=\"vertical-align: inherit;\">Different browsers offer different methods to block and delete cookies used by websites. <\/span><span style=\"vertical-align: inherit;\">By continuing to use our website, you agree to our use of cookies. <\/span><span style=\"vertical-align: inherit;\">However, if you do not accept the use of cookies, you can terminate the use of cookies other than essential ones by changing your internet browser settings. <\/span><span style=\"vertical-align: inherit;\">We think it may be useful for you to review the links below to learn how to end cookies in your internet browser.<\/span><\/span><\/p>\n<p><span style=\"vertical-align: inherit;\"><span style=\"vertical-align: inherit;\">For Google Chrome:<\/span><\/span><\/p>\n<p><a href=\"https:\/\/support.google.com\/accounts\/answer\/61416?co=GENIE.Platform%3DDesktop&amp;hl=tr&amp;oco=0\" target=\"_blank\" rel=\"noopener\"><span style=\"vertical-align: inherit;\"><span style=\"vertical-align: inherit;\">https:\/\/support.google.com\/accounts\/answer\/61416?co=GENIE.Platform%3DDesktop&amp;hl=tr&amp;oco=0<\/span><\/span><\/a><\/p>\n<p><span style=\"vertical-align: inherit;\"><span style=\"vertical-align: inherit;\">For Internet Explorer:<\/span><\/span><\/p>\n<p><a href=\"https:\/\/support.microsoft.com\/tr-tr\/help\/17442\/windows-internet-explorer-delete-manage-cookies\" target=\"_blank\" rel=\"noopener\"><span style=\"vertical-align: inherit;\"><span style=\"vertical-align: inherit;\">https:\/\/support.microsoft.com\/tr-tr\/help\/17442\/windows-internet-explorer-delete-manage-cookies<\/span><\/span><\/a><\/p>\n<p><span style=\"vertical-align: inherit;\"><span style=\"vertical-align: inherit;\">For Safari:<\/span><\/span><\/p>\n<p><a href=\"https:\/\/support.apple.com\/tr-tr\/guide\/safari\/sfri11471\/mac\" target=\"_blank\" rel=\"noopener\"><span style=\"vertical-align: inherit;\"><span style=\"vertical-align: inherit;\">https:\/\/support.apple.com\/tr-tr\/guide\/safari\/sfri11471\/mac<\/span><\/span><\/a><\/p>\n<p><a href=\"https:\/\/support.apple.com\/tr-tr\/HT201265\" target=\"_blank\" rel=\"noopener\"><span style=\"vertical-align: inherit;\"><span style=\"vertical-align: inherit;\">https:\/\/support.apple.com\/tr-tr\/HT201265<\/span><\/span><\/a><\/p>\n<p><strong><span style=\"vertical-align: inherit;\"><span style=\"vertical-align: inherit;\">6. Rights of Data Owners<\/span><\/span><\/strong><\/p>\n<p><span style=\"vertical-align: inherit;\"><span style=\"vertical-align: inherit;\">Data Owners will be able to learn their rights specified in the GDPR and the KVKK, in detail,\u00a0 <\/span><span style=\"vertical-align: inherit;\">\u00a0from the KVK menu at <\/span><\/span><a href=\"https:\/\/www.daisypoliklinik.com\/en\/\"><span style=\"vertical-align: inherit;\"><span style=\"vertical-align: inherit;\">https:\/\/www.daisypoliklinik.com\/en , where they can find the Private Daisy Poliklinik Information Text on the Processing of Personal Data. <\/span><\/span><\/a><span style=\"vertical-align: inherit;\"><span style=\"vertical-align: inherit;\">Data Owners will be able to submit their requests for the processing of their personal data to PRIVATE DA\u0130SY POLYCLINIC. <\/span><span style=\"vertical-align: inherit;\">Depending on the nature of the request, applications are finalized free of charge as soon as possible and within thirty days at the latest; <\/span><span style=\"vertical-align: inherit;\">However, if the process requires an additional cost, a fee may be charged according to the tariff determined by the Personal Data Protection Board.<\/span><\/span><\/p>\n<p><strong><span style=\"vertical-align: inherit;\"><span style=\"vertical-align: inherit;\">7. Enforcement of the Policy<\/span><\/span><\/strong><\/p>\n<p><span style=\"vertical-align: inherit;\"><span style=\"vertical-align: inherit;\">This Policy shall enter into force on the date of publication. <\/span><span style=\"vertical-align: inherit;\">If the entire Policy or certain articles are renewed, the effective date of the Policy is revised.<\/span><\/span><\/p>\n","protected":false},"excerpt":{"rendered":"<p>PRIVATE DAISY POLYCLINIC WEBSITE PRIVACY AND COOKIES POLICY Personal data \u00a0of those who visit the website www.daisypoliklinik.com (&#8221; Visitor&#8221; ), \u00a0operated by\u00a0 \u00d6ZEL DA\u0130SY POL\u0130KL\u0130\u011e\u0130 , owned by SONG\u00dcL DURUR ZEVZ\u0130R\u00a0 , in accordance with the Personal Data Protection Law No. 6698 (&#8221; KVKK&#8221; ) and the European Union General Data Protection Regulation\u00a0 (&#8220;GDPR&#8221; ). [&hellip;]<\/p>\n","protected":false},"author":1,"featured_media":0,"parent":0,"menu_order":0,"comment_status":"closed","ping_status":"closed","template":"","meta":{"footnotes":""},"class_list":["post-35","page","type-page","status-publish","hentry"],"_links":{"self":[{"href":"https:\/\/www.daisypoliklinik.com\/en\/wp-json\/wp\/v2\/pages\/35","targetHints":{"allow":["GET"]}}],"collection":[{"href":"https:\/\/www.daisypoliklinik.com\/en\/wp-json\/wp\/v2\/pages"}],"about":[{"href":"https:\/\/www.daisypoliklinik.com\/en\/wp-json\/wp\/v2\/types\/page"}],"author":[{"embeddable":true,"href":"https:\/\/www.daisypoliklinik.com\/en\/wp-json\/wp\/v2\/users\/1"}],"replies":[{"embeddable":true,"href":"https:\/\/www.daisypoliklinik.com\/en\/wp-json\/wp\/v2\/comments?post=35"}],"version-history":[{"count":3,"href":"https:\/\/www.daisypoliklinik.com\/en\/wp-json\/wp\/v2\/pages\/35\/revisions"}],"predecessor-version":[{"id":746,"href":"https:\/\/www.daisypoliklinik.com\/en\/wp-json\/wp\/v2\/pages\/35\/revisions\/746"}],"wp:attachment":[{"href":"https:\/\/www.daisypoliklinik.com\/en\/wp-json\/wp\/v2\/media?parent=35"}],"curies":[{"name":"wp","href":"https:\/\/api.w.org\/{rel}","templated":true}]}}