{"id":33,"date":"2023-03-17T19:24:06","date_gmt":"2023-03-17T16:24:06","guid":{"rendered":"https:\/\/www.daisypoliklinik.com\/en\/?page_id=33"},"modified":"2023-12-06T14:57:13","modified_gmt":"2023-12-06T11:57:13","slug":"patient-client-explicit-consent-statement","status":"publish","type":"page","link":"https:\/\/www.daisypoliklinik.com\/en\/patient-client-explicit-consent-statement\/","title":{"rendered":"Patient\/Client Explicit Consent Statement"},"content":{"rendered":"<p><strong><span style=\"vertical-align: inherit;\"><span style=\"vertical-align: inherit;\">PRIVATE DAISY POLYCLINIC<\/span><\/span><\/strong><\/p>\n<p><strong><span style=\"vertical-align: inherit;\"><span style=\"vertical-align: inherit;\">PATIENT\/CLIENT EXPRESS CONSENT STATEMENT<\/span><\/span><\/strong><\/p>\n<p><span style=\"vertical-align: inherit;\"><strong><span style=\"vertical-align: inherit;\">I have read and understood the &#8220;Information Text on the Processing of Personal Data&#8221; belonging to PRIVATE DA\u0130SY POLICLIN\u0130\u011e\u0130<\/span><\/strong><span style=\"vertical-align: inherit;\"> SONG\u00dcL DURUR ZEVZ\u0130R\u00a0 <\/span><\/span><strong><span style=\"vertical-align: inherit;\"><span style=\"vertical-align: inherit;\">(&#8220;<\/span><\/span><\/strong><span style=\"vertical-align: inherit;\"><span style=\"vertical-align: inherit;\"> \u00a0PRIVATE DA\u0130SY POLICLIN\u0130\u011e\u0130&#8221;) and &#8220;all my rights&#8221; regarding the legislation clearly stated in the text, verbally and in writing, in a language I can understand, and I have been informed about my rights. <\/span><span style=\"vertical-align: inherit;\">By accepting the Information Text, I consent to the processing of my Personal Data and Special Personal Data within the scope of the Information Text by PRIVATE DA\u0130SY POLYCLINIC; <\/span><span style=\"vertical-align: inherit;\">PRIVATE DAISY POLYCLINIC&#8217;s examination, preventive medicine, medical diagnosis, treatment, care and control services can be carried out, the medical treatment applied to me can be improved, I can be reminded of my appointment dates for ongoing treatments and I can be personally informed about the innovations in medical treatments and\u00a0 <\/span><strong><span style=\"vertical-align: inherit;\">practices<\/span><\/strong><span style=\"vertical-align: inherit;\"> . <\/span><strong><span style=\"vertical-align: inherit;\">I CONSENT TO SENDING SMS, E-MAILS AND MOBILE COMMUNICATIONS TO ME<\/span><\/strong><span style=\"vertical-align: inherit;\"> in order to notify me of innovations and developments regarding services, to remind me of appointment dates for ongoing treatments, and to celebrate and congratulate me on special days\u00a0 <\/span><span style=\"vertical-align: inherit;\">.<\/span><\/span><\/p>\n","protected":false},"excerpt":{"rendered":"<p>PRIVATE DAISY POLYCLINIC PATIENT\/CLIENT EXPRESS CONSENT STATEMENT I have read and understood the &#8220;Information Text on the Processing of Personal Data&#8221; belonging to PRIVATE DA\u0130SY POLICLIN\u0130\u011e\u0130 SONG\u00dcL DURUR ZEVZ\u0130R\u00a0 (&#8220; \u00a0PRIVATE DA\u0130SY POLICLIN\u0130\u011e\u0130&#8221;) and &#8220;all my rights&#8221; regarding the legislation clearly stated in the text, verbally and in writing, in a language I can understand, [&hellip;]<\/p>\n","protected":false},"author":1,"featured_media":0,"parent":0,"menu_order":0,"comment_status":"closed","ping_status":"closed","template":"","meta":{"footnotes":""},"class_list":["post-33","page","type-page","status-publish","hentry"],"_links":{"self":[{"href":"https:\/\/www.daisypoliklinik.com\/en\/wp-json\/wp\/v2\/pages\/33","targetHints":{"allow":["GET"]}}],"collection":[{"href":"https:\/\/www.daisypoliklinik.com\/en\/wp-json\/wp\/v2\/pages"}],"about":[{"href":"https:\/\/www.daisypoliklinik.com\/en\/wp-json\/wp\/v2\/types\/page"}],"author":[{"embeddable":true,"href":"https:\/\/www.daisypoliklinik.com\/en\/wp-json\/wp\/v2\/users\/1"}],"replies":[{"embeddable":true,"href":"https:\/\/www.daisypoliklinik.com\/en\/wp-json\/wp\/v2\/comments?post=33"}],"version-history":[{"count":3,"href":"https:\/\/www.daisypoliklinik.com\/en\/wp-json\/wp\/v2\/pages\/33\/revisions"}],"predecessor-version":[{"id":750,"href":"https:\/\/www.daisypoliklinik.com\/en\/wp-json\/wp\/v2\/pages\/33\/revisions\/750"}],"wp:attachment":[{"href":"https:\/\/www.daisypoliklinik.com\/en\/wp-json\/wp\/v2\/media?parent=33"}],"curies":[{"name":"wp","href":"https:\/\/api.w.org\/{rel}","templated":true}]}}