{"id":23,"date":"2023-03-17T19:16:11","date_gmt":"2023-03-17T16:16:11","guid":{"rendered":"https:\/\/www.daisypoliklinik.com\/en\/?page_id=23"},"modified":"2025-07-19T20:40:52","modified_gmt":"2025-07-19T17:40:52","slug":"contact","status":"publish","type":"page","link":"https:\/\/www.daisypoliklinik.com\/en\/contact\/","title":{"rendered":"Contact"},"content":{"rendered":"<div class=\"row\">\n<div class=\"col-md-12\">\n<h3><span style=\"vertical-align: inherit;\"><span style=\"vertical-align: inherit;\">Our Istanbul Branch<\/span><\/span><\/h3>\n<p><iframe loading=\"lazy\" style=\"border: 0;\" src=\"https:\/\/www.google.com\/maps\/embed?pb=!1m14!1m8!1m3!1d48143.13670606429!2d28.994818000000002!3d41.048309!3m2!1i1024!2i768!4f13.1!3m3!1m2!1s0x14cab70e9842bee1%3A0x32a2aac472b870fe!2sOnda%20Plus%20So%C4%9Fuk%20Dalga%20I%20Schwarzy%20I%20Ameliyats%C4%B1z%20Y%C3%BCz%20Germe%20I%20Sel%C3%BClit%20I%20Cilt%20Sarkmalar%C4%B1%20I%20S%C4%B1kla%C5%9Fma%20I%20G%C4%B1d%C4%B1%20Eritme%20I%20Emtone%20I!5e0!3m2!1str!2str!4v1679069140762!5m2!1str!2str\" width=\"100%\" height=\"450\" allowfullscreen=\"allowfullscreen\"><span data-mce-type=\"bookmark\" style=\"display: inline-block; width: 0px; overflow: hidden; line-height: 0;\" class=\"mce_SELRES_start\">\ufeff<\/span><\/iframe><\/p>\n<p><strong><span style=\"vertical-align: inherit;\"><span style=\"vertical-align: inherit;\">Address:<\/span><\/span><\/strong><span style=\"vertical-align: inherit;\"><span style=\"vertical-align: inherit;\"> Harbiye Mah. <\/span><span style=\"vertical-align: inherit;\">Ma\u00e7ka Cd. <\/span><span style=\"vertical-align: inherit;\">Narmanli Apt. <\/span><span style=\"vertical-align: inherit;\">No:24 D:14 Ni\u015fanta\u015f\u0131 &#8211; \u015ei\u015fli\/\u0130STANBUL<\/span><\/span><\/p>\n<p><strong><span style=\"vertical-align: inherit;\"><span style=\"vertical-align: inherit;\">Phone: <\/span><\/span><\/strong> <a href=\"tel:+902122349520\"><span style=\"vertical-align: inherit;\"><span style=\"vertical-align: inherit;\">+90 212 234 95 20<\/span><\/span><\/a><\/p>\n<p><strong><span style=\"vertical-align: inherit;\"><span style=\"vertical-align: inherit;\">Phone: <\/span><\/span><\/strong> <a href=\"tel:+905356694069\"><span style=\"vertical-align: inherit;\"><span style=\"vertical-align: inherit;\">+90 535 669 40 69<\/span><\/span><\/a><\/p>\n<p><strong><span style=\"vertical-align: inherit;\"><span style=\"vertical-align: inherit;\">E-Mail: <\/span><\/span><\/strong> <a href=\"mailto:info@daisypoliklinik.com\"><span style=\"vertical-align: inherit;\"><span style=\"vertical-align: inherit;\">info@daisypoliklinik.com<\/span><\/span><\/a><\/p>\n<\/div>\n<p><!--\n\n<div class=\"col-md-6\">\n\n\n<h3><span style=\"vertical-align: inherit;\"><span style=\"vertical-align: inherit;\">Our Iskenderun Branch<\/span><\/span><\/h3>\n\n\n\n\n<h3><iframe loading=\"lazy\" style=\"border: 0;\" src=\"https:\/\/www.google.com\/maps\/embed?pb=!1m14!1m8!1m3!1d6407.0431805279095!2d36.167951!3d36.58974500000001!3m2!1i1024!2i768!4f13.1!3m3!1m2!1s0x152f593048e9b1bd%3A0x1df1fb64ebdc9b7c!2zR8O2eiBEb2t1IE9uYXLEsW3EsSB8IFnDvHogR2VybWUgSSBDaWx0IERva3UgT25hcsSxbcSxIHwgQsO2bGdlc2VsIMSwbmNlbG1lIEkgU2Vsw7xsaXQgVGVkYXZpc2kgSSBDaWx0IFNhcmttYXPEsSBJ!5e0!3m2!1str!2str!4v1679069366258!5m2!1str!2str\" width=\"100%\" height=\"450\" allowfullscreen=\"allowfullscreen\"><span data-mce-type=\"bookmark\" style=\"display: inline-block; width: 0px; overflow: hidden; line-height: 0;\" class=\"mce_SELRES_start\">\ufeff<\/span><\/iframe><\/h3>\n\n\n<strong><span style=\"vertical-align: inherit;\"><span style=\"vertical-align: inherit;\">Address:<\/span><\/span><\/strong><span style=\"vertical-align: inherit;\"><span style=\"vertical-align: inherit;\"> Yeni\u015fehir Mah. <\/span><span style=\"vertical-align: inherit;\">33rd St. <\/span><span style=\"vertical-align: inherit;\">No:7\/B 31200 Iskenderun\/HATAY<\/span><\/span>\n\n<strong><span style=\"vertical-align: inherit;\"><span style=\"vertical-align: inherit;\">Phone: <\/span><\/span><\/strong> <a href=\"tel:+903266173669\"><span style=\"vertical-align: inherit;\"><span style=\"vertical-align: inherit;\">+90 326 617 36 69<\/span><\/span><\/a>\n\n<strong><span style=\"vertical-align: inherit;\"><span style=\"vertical-align: inherit;\">Phone: <\/span><\/span><\/strong><a href=\"tel:+905325959651\"><span style=\"vertical-align: inherit;\"><span style=\"vertical-align: inherit;\">+90 532 595 96 51<\/span><\/span><\/a>\n\n<strong><span style=\"vertical-align: inherit;\"><span style=\"vertical-align: inherit;\">E-Mail: <\/span><\/span><\/strong> <a href=\"mailto:info@daisypoliklinik.com\"><span style=\"vertical-align: inherit;\"><span style=\"vertical-align: inherit;\">info@daisypoliklinik.com<\/span><\/span><\/a>\n\n<\/div>\n\n-->\n<\/div>\n<hr \/>\n","protected":false},"excerpt":{"rendered":"<p>Our Istanbul Branch \ufeff Address: Harbiye Mah. Ma\u00e7ka Cd. Narmanli Apt. No:24 D:14 Ni\u015fanta\u015f\u0131 &#8211; \u015ei\u015fli\/\u0130STANBUL Phone: +90 212 234 95 20 Phone: +90 535 669 40 69 E-Mail: info@daisypoliklinik.com<\/p>\n","protected":false},"author":1,"featured_media":0,"parent":0,"menu_order":0,"comment_status":"closed","ping_status":"closed","template":"","meta":{"footnotes":""},"class_list":["post-23","page","type-page","status-publish","hentry"],"_links":{"self":[{"href":"https:\/\/www.daisypoliklinik.com\/en\/wp-json\/wp\/v2\/pages\/23","targetHints":{"allow":["GET"]}}],"collection":[{"href":"https:\/\/www.daisypoliklinik.com\/en\/wp-json\/wp\/v2\/pages"}],"about":[{"href":"https:\/\/www.daisypoliklinik.com\/en\/wp-json\/wp\/v2\/types\/page"}],"author":[{"embeddable":true,"href":"https:\/\/www.daisypoliklinik.com\/en\/wp-json\/wp\/v2\/users\/1"}],"replies":[{"embeddable":true,"href":"https:\/\/www.daisypoliklinik.com\/en\/wp-json\/wp\/v2\/comments?post=23"}],"version-history":[{"count":10,"href":"https:\/\/www.daisypoliklinik.com\/en\/wp-json\/wp\/v2\/pages\/23\/revisions"}],"predecessor-version":[{"id":791,"href":"https:\/\/www.daisypoliklinik.com\/en\/wp-json\/wp\/v2\/pages\/23\/revisions\/791"}],"wp:attachment":[{"href":"https:\/\/www.daisypoliklinik.com\/en\/wp-json\/wp\/v2\/media?parent=23"}],"curies":[{"name":"wp","href":"https:\/\/api.w.org\/{rel}","templated":true}]}}